{"id":706,"date":"2019-10-15T09:48:43","date_gmt":"2019-10-15T16:48:43","guid":{"rendered":"http:\/\/getthereoregon.org\/viajes-compartidos-en-automovil\/"},"modified":"2026-02-23T16:43:06","modified_gmt":"2026-02-24T00:43:06","slug":"carpool-tips","status":"publish","type":"page","link":"https:\/\/getthereoregon.org\/es\/carpool-tips\/","title":{"rendered":"Viajes compartidos en autom\u00f3vil"},"content":{"rendered":"\r\n<h4 class=\"wp-block-heading\"><b>Si\u00e9ntese, rel\u00e1jese y comparta el viaje<\/b><\/h4>\r\n\r\n<p><span style=\"font-weight: 400;\">Compartir viajes en autom\u00f3vil le permite recuperar tiempo de su d\u00eda al compartir la carga financiera y mental de su viaje con otros: <\/span><\/p>\r\n<ul>\r\n<li style=\"font-weight: 400;\" aria-level=\"1\"><b>Gaste menos: <\/b><span style=\"font-weight: 400;\">compartir el autom\u00f3vil, junto con turnarse para conducir, le permite ahorrar la mitad de tiempo manejando y la mitad de dinero que gasta en mantenimiento, \u00a1y eso, con tan solo una persona! \u00a1Imag\u00ednese cu\u00e1nto ahorrar\u00eda con un grupo de 3 o 4 personas que comparten un autom\u00f3vil! \u00a1Imag\u00ednese cu\u00e1nto ahorrar\u00eda con viajes compartidos en grupos de 3 o 4 personas!<\/span><\/li>\r\n<li style=\"font-weight: 400;\" aria-level=\"1\"><span style=\"font-weight: 400;\"><strong>P\u00f3ngase c\u00f3modo y rel\u00e1jese:<\/strong> cuando no sea su turno de conducir, podr\u00e1 concentrarse en actividades relajantes como la lectura, socializar con sus compa\u00f1eros de viaje, jugar o disfrutar de su tiempo para aliviar el estr\u00e9s del trabajo.<\/span><\/li>\r\n<\/ul>\r\n<h4>Encuentra un compa\u00f1ero de viaje con Get There Connect<\/h4>\r\n<ol>\r\n<li>Inicia sesi\u00f3n o crea una cuenta gratuita en <a href=\"https:\/\/getthere.rideamigos.com\/hub\/landing\">Get There Connect<\/a>.<\/li>\r\n<li>En el men\u00fa lateral Izquierdo, selecciona \u201cPools\u201d. All\u00ed encontrar\u00e1s dos pesta\u00f1as: \u201cMis publicaciones\u201d y \u201cBuscar\u201d.<\/li>\r\n<li>Haz clic en \u201cBuscar\u201d para explorar las opciones de viaje disponibles creadas por otros usuarios.<\/li>\r\n<li>Puedes personalizar tu b\u00fasqueda al:\r\n<ol>\r\n<li>Elegir si deseas conectarte con todos los usuarios o solo dentro de redes espec\u00edficas (como tu empresa o ubicaci\u00f3n).<\/li>\r\n<li>Usar filtros para incluir o excluir otros tipos de viajes compartidos, como vanpools, walkpools, bikepools y transitpools.<\/li>\r\n<li>Agregar tus horarios y necesidades espec\u00edficas de viaje.<\/li>\r\n<\/ol>\r\n<\/li>\r\n<li>Se mostrar\u00e1 una lista de coincidencias de viajes compartidos (Pool Matches), si hay disponibles. Haz clic en la tarjeta de coincidencia para ver los detalles del viaje. En el caso de carpool, cada publicaci\u00f3n especificar\u00e1 si la persona ofrece llevar a otros (\u201c\u00a1Soy el conductor!\u201d), si est\u00e1 dispuesta a conducir o viajar como pasajero (\u201c\u00a1Puedo conducir o ser pasajero!\u201d), o si \u00fanicamente busca viajar como pasajero (\u201c\u00a1Soy pasajero!\u201d).<\/li>\r\n<li>Haz clic en \u201cMessage\u201d para enviar un mensaje a la coincidencia de viaje y coordinar tu trayecto. Tu mensaje se enviar\u00e1 a su correo electr\u00f3nico, y se les proporcionar\u00e1 tu direcci\u00f3n de email para que puedan comunicarse fuera de la plataforma.<\/li>\r\n<\/ol>\r\n<p><img loading=\"lazy\" decoding=\"async\" class=\"alignnone wp-image-7623 size-full\" src=\"http:\/\/getthereoregon.org\/wp-content\/uploads\/2026\/02\/Screenshot-2026-02-23-164027.png\" alt=\"Screenshot of the Pool search feature in Get There Connect\" width=\"821\" height=\"603\" srcset=\"https:\/\/getthereoregon.org\/wp-content\/uploads\/2026\/02\/Screenshot-2026-02-23-164027.png 821w, https:\/\/getthereoregon.org\/wp-content\/uploads\/2026\/02\/Screenshot-2026-02-23-164027-300x220.png 300w, https:\/\/getthereoregon.org\/wp-content\/uploads\/2026\/02\/Screenshot-2026-02-23-164027-768x564.png 768w\" sizes=\"(max-width: 821px) 100vw, 821px\" \/><\/p>\r\n<h4>Publica un Carpool en Get There Connect<\/h4>\r\n<ol>\r\n<li>Inicia sesi\u00f3n o crea una cuenta gratuita en Get There Connect.<\/li>\r\n<li>En el men\u00fa lateral Izquierdo, selecciona \u201cPools\u201d. All\u00ed encontrar\u00e1s dos pesta\u00f1as: \u201cMis publicaciones\u201d y \u201cBuscar\u201d.<\/li>\r\n<li>Haz clic en \u201cMy Posts\u201d para publicar un viaje y compartirlo con otros.<\/li>\r\n<li>Ingresa la fecha, hora, punto de partida y destino, luego haz clic en \u201cGuardar\u201d. Tu oferta de carpool se incorporar\u00e1 al sistema de coincidencias de viajes y ser\u00e1 visible autom\u00e1ticamente para otros usuarios tanto en \u201cExplorar opciones\u201d como en \u201cPools\u201d.<\/li>\r\n<\/ol>\r\n<p><img loading=\"lazy\" decoding=\"async\" class=\"alignnone wp-image-7621 size-full\" src=\"http:\/\/getthereoregon.org\/wp-content\/uploads\/2026\/02\/Screenshot-2026-02-23-164004.png\" alt=\"Screenshot of creating a carpool in Get There Connect in Spanish\" width=\"647\" height=\"878\" srcset=\"https:\/\/getthereoregon.org\/wp-content\/uploads\/2026\/02\/Screenshot-2026-02-23-164004.png 647w, https:\/\/getthereoregon.org\/wp-content\/uploads\/2026\/02\/Screenshot-2026-02-23-164004-221x300.png 221w\" sizes=\"(max-width: 647px) 100vw, 647px\" \/><\/p>\r\n<h4>Consejos para empezar a compartir viajes en autom\u00f3vil<\/h4>\r\n<ul>\r\n<li><strong>Con\u00f3zcanse<\/strong>: tome un caf\u00e9 o almuerce con su(s) posible(s) compa\u00f1ero(s) de ruta antes de su primer viaje y aseg\u00farese de que sea una buena opci\u00f3n. Conf\u00eda en tu instinto: si algo te hace sentir inc\u00f3modo, considera buscar un grupo diferente. Conf\u00ede en su instinto: si algo le incomoda, no dude en encontrar a otros compa\u00f1eros de viajes compartidos.<\/li>\r\n<li><strong>Establezca las reglas b\u00e1sicas:<\/strong> establezca pol\u00edticas con sus compa\u00f1eros de viajes compartidos. Hable con ellos sobre m\u00fasica, comidas, bebidas, el uso del tabaco, las conversaciones, etc.<\/li>\r\n<li><strong>Planeen:<\/strong> determinen la ruta y el horario de su(s) viaje(s), los tiempos que esperar\u00e1n si alguien est\u00e1 retrasado, as\u00ed como cualquier otro plan alternativo.<\/li>\r\n<li><strong>Determine los costos:<\/strong> Establezca expectativas de divisi\u00f3n de costos y un m\u00e9todo de pago. Esto incluye definir c\u00f3mo se compartir\u00e1n los costos y con qu\u00e9 frecuencia se har\u00e1n los pagos. Considere usar una aplicaci\u00f3n de pago (Cash app)para facilitar las transacciones y solicitudes de pago.<\/li>\r\n<li><strong>Establezca l\u00edneas de comunicaci\u00f3n:<\/strong> Intercambie su informaci\u00f3n de contacto preferida con anticipaci\u00f3n. Aseg\u00farese de obtener contactos de emergencia para cada miembro de su viaje compartido, en caso de alg\u00fan inconveniente. Tenga los n\u00fameros de contacto de las personas a contactar en caso de emergencia por cada pasajero del viaje compartido, solo por si acaso.<\/li>\r\n<li><strong>Establezca un calendario:<\/strong> Programe los d\u00edas, semanas y meses en que deber\u00e1 conducir y ap\u00e9guese a ese calendario.<\/li>\r\n<li><strong>\u00a1Disfrute el viaje!<\/strong><\/li>\r\n<\/ul>","protected":false},"excerpt":{"rendered":"<p>Si\u00e9ntese, rel\u00e1jese y comparta el viaje Compartir viajes en autom\u00f3vil le permite recuperar tiempo de su d\u00eda al compartir la carga financiera y mental de su viaje con otros: Gaste menos: compartir el autom\u00f3vil, junto con turnarse para conducir, le permite ahorrar la mitad de tiempo manejando y la mitad de dinero que gasta en &hellip; <a href=\"https:\/\/getthereoregon.org\/es\/carpool-tips\/\">Continued<\/a><\/p>\n","protected":false},"author":1,"featured_media":0,"parent":0,"menu_order":0,"comment_status":"closed","ping_status":"closed","template":"","meta":{"_acf_changed":false,"footnotes":""},"acf":[],"_links":{"self":[{"href":"https:\/\/getthereoregon.org\/es\/wp-json\/wp\/v2\/pages\/706"}],"collection":[{"href":"https:\/\/getthereoregon.org\/es\/wp-json\/wp\/v2\/pages"}],"about":[{"href":"https:\/\/getthereoregon.org\/es\/wp-json\/wp\/v2\/types\/page"}],"author":[{"embeddable":true,"href":"https:\/\/getthereoregon.org\/es\/wp-json\/wp\/v2\/users\/1"}],"replies":[{"embeddable":true,"href":"https:\/\/getthereoregon.org\/es\/wp-json\/wp\/v2\/comments?post=706"}],"version-history":[{"count":35,"href":"https:\/\/getthereoregon.org\/es\/wp-json\/wp\/v2\/pages\/706\/revisions"}],"predecessor-version":[{"id":7625,"href":"https:\/\/getthereoregon.org\/es\/wp-json\/wp\/v2\/pages\/706\/revisions\/7625"}],"wp:attachment":[{"href":"https:\/\/getthereoregon.org\/es\/wp-json\/wp\/v2\/media?parent=706"}],"curies":[{"name":"wp","href":"https:\/\/api.w.org\/{rel}","templated":true}]}}