{"id":4673,"date":"2023-04-27T10:09:38","date_gmt":"2023-04-27T17:09:38","guid":{"rendered":"http:\/\/getthereoregon.org\/get-there-connect-2\/"},"modified":"2023-04-28T16:32:04","modified_gmt":"2023-04-28T23:32:04","slug":"get-there-connect-2","status":"publish","type":"page","link":"https:\/\/getthereoregon.org\/es\/get-there-connect-2\/","title":{"rendered":"Get There Connect"},"content":{"rendered":"<h5>\u00bfQu\u00e9 es Get There Connect?<\/h5>\n<div>Get There Connect es la herramienta gratuita de planificaci\u00f3n de viajes, b\u00fasqueda de coincidencias de rutas compartidas y consulta de estad\u00edsticas en l\u00ednea, de Oregon, administrada por RideAmigos. Los usuarios pueden crear una cuenta para planificar viajes, encontrar o crear viajes compartidos en autom\u00f3vil o van, registrar viajes y consultar estad\u00edsticas relacionadas, y participar en programas\/desaf\u00edos locales de recompensas cuando est\u00e9n disponibles.<\/div>\n<div><\/div>\n<div><img loading=\"lazy\" decoding=\"async\" class=\"wp-image-3746 aligncenter\" src=\"http:\/\/getthereoregon.org\/wp-content\/uploads\/2022\/08\/GetThereConnect-1-1024x297.png\" alt=\"\" width=\"733\" height=\"236\"><\/div>\n<div>\n<h5><\/h5>\n<h5>Recursos para usar Connect<\/h5>\n<p><a href=\"https:\/\/help.rideamigos.com\/hc\/en-us\/categories\/360001714534-Basic-User-Help\"><span style=\"font-weight: 400;\">RideAmigos Academy<\/span><\/a> <span style=\"font-weight: 400;\">ofrece<\/span> <span style=\"font-weight: 400;\">instrucciones paso a paso y recursos para todas las funciones de la herramienta.<\/span> <\/p>\n<p><span style=\"font-weight: 400;\">Los siguientes videos explicativos le indicar\u00e1n como crear una cuenta, navegar por el tablero de instrumentos, planificar viajes, registrar viajes y unirse\/iniciar un viaje compartido en autom\u00f3vil.<\/span><\/p>\n<p><span style=\"font-weight: 400;\">Si necesita ayuda, comun\u00edquese a<\/span> <a href=\"mailto:info@getthereoregon.org\"><span style=\"font-weight: 400;\">info@getthereoregon.org<\/span><\/a><span style=\"font-weight: 400;\">.<\/span> <\/p>\n<\/div>\n","protected":false},"excerpt":{"rendered":"<p>\u00bfQu\u00e9 es Get There Connect? Get There Connect es la herramienta gratuita de planificaci\u00f3n de viajes, b\u00fasqueda de coincidencias de rutas compartidas y consulta de estad\u00edsticas en l\u00ednea, de Oregon, administrada por RideAmigos. Los usuarios pueden crear una cuenta para planificar viajes, encontrar o crear viajes compartidos en autom\u00f3vil o van, registrar viajes y consultar &hellip; <a href=\"https:\/\/getthereoregon.org\/es\/get-there-connect-2\/\">Continued<\/a><\/p>\n","protected":false},"author":1,"featured_media":0,"parent":0,"menu_order":0,"comment_status":"closed","ping_status":"closed","template":"","meta":{"_acf_changed":false,"footnotes":""},"acf":[],"_links":{"self":[{"href":"https:\/\/getthereoregon.org\/es\/wp-json\/wp\/v2\/pages\/4673"}],"collection":[{"href":"https:\/\/getthereoregon.org\/es\/wp-json\/wp\/v2\/pages"}],"about":[{"href":"https:\/\/getthereoregon.org\/es\/wp-json\/wp\/v2\/types\/page"}],"author":[{"embeddable":true,"href":"https:\/\/getthereoregon.org\/es\/wp-json\/wp\/v2\/users\/1"}],"replies":[{"embeddable":true,"href":"https:\/\/getthereoregon.org\/es\/wp-json\/wp\/v2\/comments?post=4673"}],"version-history":[{"count":1,"href":"https:\/\/getthereoregon.org\/es\/wp-json\/wp\/v2\/pages\/4673\/revisions"}],"predecessor-version":[{"id":4696,"href":"https:\/\/getthereoregon.org\/es\/wp-json\/wp\/v2\/pages\/4673\/revisions\/4696"}],"wp:attachment":[{"href":"https:\/\/getthereoregon.org\/es\/wp-json\/wp\/v2\/media?parent=4673"}],"curies":[{"name":"wp","href":"https:\/\/api.w.org\/{rel}","templated":true}]}}