{"id":4619,"date":"2024-02-28T09:54:22","date_gmt":"2024-02-28T17:54:22","guid":{"rendered":"http:\/\/getthereoregon.org\/?page_id=4619"},"modified":"2024-02-28T09:54:22","modified_gmt":"2024-02-28T17:54:22","slug":"park-ride","status":"publish","type":"page","link":"https:\/\/getthereoregon.org\/es\/park-ride\/","title":{"rendered":"Park &#038; Ride"},"content":{"rendered":"\r\n<h4 class=\"wp-block-heading\">Acorte su viaje con un Park &amp; Ride<\/h4>\r\n\r\n<p>\u00bfNo vive a poca distancia de una parada de transporte p\u00fablico? \u00bfQuiere un lugar f\u00e1cil para reunirse con su viaje compartido o van compartida? Un Park &amp; \u200b\u200bRide puede ser la soluci\u00f3n para usted.<\/p>\r\n<p><strong>\u00bfQu\u00e9 es un Park &amp; \u200b\u200bRide?<\/strong><\/p>\r\n<p>Un Park &amp; \u200b\u200bRide es un estacionamiento donde las personas que conducen pueden estacionar c\u00f3modamente y acceder a una amplia gama de opciones de transporte, como transporte p\u00fablico, bicicletas compartidas o compartir un viaje con un auto compartido o una van compartida. Los lotes individuales son propiedad y est\u00e1n administrados localmente. Pueden ofrecer caracter\u00edsticas que incluyen estacionamientos que cumplen con los requisitos de la Ley para Personas con Discapacidades (Americans with Disabilities Act, ADA) y estaciones de carga para veh\u00edculos el\u00e9ctricos. La cantidad de espacios y otras caracter\u00edsticas en los lotes de Oregon Park &amp; \u200b\u200bRide var\u00edan, pero puede usar Get There Connect para encontrar detalles de cada uno. Todos los Park &amp; \u200b\u200bRides en Oregon son gratuitos, pero aseg\u00farese de revisar los letreros en el lugar para obtener detalles sobre los horarios de atenci\u00f3n y otras pol\u00edticas.<\/p>\r\n<p><strong>\u00bfPor qu\u00e9 deber\u00eda utilizar un Park &amp; \u200b\u200bRide?<\/strong><\/p>\r\n<p>Hay muchas razones y beneficios para utilizar Park &amp; \u200b\u200bRide, que incluyen:<\/p>\r\n<ul>\r\n<li style=\"font-weight: 400;\" aria-level=\"1\">Acceda al transporte p\u00fablico si no vive a poca distancia de una parada<\/li>\r\n<li style=\"font-weight: 400;\" aria-level=\"1\">Evite un viaje estresante por una ruta congestionada<\/li>\r\n<li style=\"font-weight: 400;\" aria-level=\"1\">Acorte su viaje<\/li>\r\n<li style=\"font-weight: 400;\" aria-level=\"1\">Ahorre dinero en gasolina<\/li>\r\n<li style=\"font-weight: 400;\" aria-level=\"1\">J\u00fantese con otras personas para compartir autom\u00f3vil o van juntos<\/li>\r\n<\/ul>\r\n<p><strong>\u00bfC\u00f3mo encuentro y uso un Park &amp; \u200b\u200bRide?<\/strong><\/p>\r\n<p>Puede utilizar Get There Connect para encontrar estacionamientos Park &amp; \u200b\u200bRide en todo Oreg\u00f3n. Encuentre uno que sea adecuado para usted:<\/p>\r\n<ol>\r\n<li style=\"font-weight: 400;\" aria-level=\"1\">Planifique un trayecto en GetThereOregon.org y haga clic en &#8220;Let&#8217;s Go&#8221;.<\/li>\r\n<li style=\"font-weight: 400;\" aria-level=\"1\"><span style=\"font-weight: 400;\">En el mapa, ver\u00e1 un cuadro negro en la esquina superior derecha.<br \/><img loading=\"lazy\" decoding=\"async\" class=\"size-medium wp-image-4624 alignright\" src=\"http:\/\/getthereoregon.org\/wp-content\/uploads\/2023\/03\/WP-ride-page-300x234.png\" alt=\"\" width=\"300\" height=\"234\" srcset=\"https:\/\/getthereoregon.org\/wp-content\/uploads\/2023\/03\/WP-ride-page-300x234.png 300w, https:\/\/getthereoregon.org\/wp-content\/uploads\/2023\/03\/WP-ride-page.png 433w\" sizes=\"(max-width: 300px) 100vw, 300px\" \/><\/span><\/li>\r\n<li style=\"font-weight: 400;\" aria-level=\"1\">Aseg\u00farese de que el s\u00edmbolo del globo ocular junto a \u201cOregon: Park and Ride Lots\u201d no est\u00e9 tachado. Haga clic en \u00e9l si es as\u00ed.<\/li>\r\n<li style=\"font-weight: 400;\" aria-level=\"1\">Haga clic en Park &amp; \u200b\u200bRide para obtener m\u00e1s informaci\u00f3n, incluida la cantidad de espacios de estacionamiento disponibles y la presencia de estacionamientos ADA o estaciones de carga de veh\u00edculos el\u00e9ctricos.<\/li>\r\n<li style=\"font-weight: 400;\" aria-level=\"1\">Haga clic para acceder a la informaci\u00f3n local sobre un lote de Park &amp; Ride mientras planifica su viaje, ya que los lotes son propiedad y se administran localmente.<\/li>\r\n<\/ol>\r\n<p><strong>Consejos para utilizar un Park &amp; \u200b\u200bRide por primera vez<\/strong><\/p>\r\n<ul>\r\n<li style=\"font-weight: 400;\" aria-level=\"1\">Considere hacer un recorrido en autom\u00f3vil (si actualmente conduce hacia el trabajo) aproximadamente a la hora en que estacionar\u00eda en un Park &amp; \u200b\u200bRide. Esto le permitir\u00e1 ver si el Park &amp; \u200b\u200bRide se llena r\u00e1pidamente o si tiene muchos espacios abiertos.<\/li>\r\n<li style=\"font-weight: 400;\" aria-level=\"1\">Salga temprano la primera vez que vaya a utilizar un Park &amp; \u200b\u200bRide para tener suficiente tiempo para encontrar un espacio y estar listo para tomar un autob\u00fas o unirse a un viaje compartido en autom\u00f3vil o van.<\/li>\r\n<li style=\"font-weight: 400;\" aria-level=\"1\">Aseg\u00farese de llevar todos los objetos de valor con usted y cerrar con llave su autom\u00f3vil.<\/li>\r\n<\/ul>","protected":false},"excerpt":{"rendered":"<p>Acorte su viaje con un Park &amp; Ride \u00bfNo vive a poca distancia de una parada de transporte p\u00fablico? \u00bfQuiere un lugar f\u00e1cil para reunirse con su viaje compartido o van compartida? Un Park &amp; \u200b\u200bRide puede ser la soluci\u00f3n para usted. \u00bfQu\u00e9 es un Park &amp; \u200b\u200bRide? Un Park &amp; \u200b\u200bRide es un estacionamiento &hellip; <a href=\"https:\/\/getthereoregon.org\/es\/park-ride\/\">Continued<\/a><\/p>\n","protected":false},"author":4,"featured_media":0,"parent":0,"menu_order":0,"comment_status":"closed","ping_status":"closed","template":"","meta":{"_acf_changed":false,"footnotes":""},"acf":[],"_links":{"self":[{"href":"https:\/\/getthereoregon.org\/es\/wp-json\/wp\/v2\/pages\/4619"}],"collection":[{"href":"https:\/\/getthereoregon.org\/es\/wp-json\/wp\/v2\/pages"}],"about":[{"href":"https:\/\/getthereoregon.org\/es\/wp-json\/wp\/v2\/types\/page"}],"author":[{"embeddable":true,"href":"https:\/\/getthereoregon.org\/es\/wp-json\/wp\/v2\/users\/4"}],"replies":[{"embeddable":true,"href":"https:\/\/getthereoregon.org\/es\/wp-json\/wp\/v2\/comments?post=4619"}],"version-history":[{"count":2,"href":"https:\/\/getthereoregon.org\/es\/wp-json\/wp\/v2\/pages\/4619\/revisions"}],"predecessor-version":[{"id":6210,"href":"https:\/\/getthereoregon.org\/es\/wp-json\/wp\/v2\/pages\/4619\/revisions\/6210"}],"wp:attachment":[{"href":"https:\/\/getthereoregon.org\/es\/wp-json\/wp\/v2\/media?parent=4619"}],"curies":[{"name":"wp","href":"https:\/\/api.w.org\/{rel}","templated":true}]}}