{"id":3911,"date":"2022-01-28T15:56:03","date_gmt":"2022-01-28T23:56:03","guid":{"rendered":"http:\/\/getthereoregon.org\/herramientas-y-servicios\/"},"modified":"2026-02-23T16:45:17","modified_gmt":"2026-02-24T00:45:17","slug":"tools-services","status":"publish","type":"page","link":"https:\/\/getthereoregon.org\/es\/tools-services\/","title":{"rendered":"Recursos y servicios"},"content":{"rendered":"<p>Get There Oregon y sus socios en todo Oregon est\u00e1n listos para proporcionarle recursos, herramientas y consultas de expertos sin ning\u00fan costo que le ayudar\u00e1n a llevar la experiencia de viaje de sus empleados al siguiente nivel. Use los siguientes recursos para potenciar la experiencia de sus empleados, aumentar la productividad, reducir gastos y contratar y mantener a los mejores empleados.<\/p>\n","protected":false},"excerpt":{"rendered":"<p>Get There Oregon y sus socios en todo Oregon est\u00e1n listos para proporcionarle recursos, herramientas y consultas de expertos sin ning\u00fan costo que le ayudar\u00e1n a llevar la experiencia de viaje de sus empleados al siguiente nivel. Use los siguientes recursos para potenciar la experiencia de sus empleados, aumentar la productividad, reducir gastos y contratar &hellip; <a href=\"https:\/\/getthereoregon.org\/es\/tools-services\/\">Continued<\/a><\/p>\n","protected":false},"author":1,"featured_media":0,"parent":0,"menu_order":0,"comment_status":"closed","ping_status":"closed","template":"","meta":{"_acf_changed":false,"footnotes":""},"acf":[],"_links":{"self":[{"href":"https:\/\/getthereoregon.org\/es\/wp-json\/wp\/v2\/pages\/3911"}],"collection":[{"href":"https:\/\/getthereoregon.org\/es\/wp-json\/wp\/v2\/pages"}],"about":[{"href":"https:\/\/getthereoregon.org\/es\/wp-json\/wp\/v2\/types\/page"}],"author":[{"embeddable":true,"href":"https:\/\/getthereoregon.org\/es\/wp-json\/wp\/v2\/users\/1"}],"replies":[{"embeddable":true,"href":"https:\/\/getthereoregon.org\/es\/wp-json\/wp\/v2\/comments?post=3911"}],"version-history":[{"count":27,"href":"https:\/\/getthereoregon.org\/es\/wp-json\/wp\/v2\/pages\/3911\/revisions"}],"predecessor-version":[{"id":7626,"href":"https:\/\/getthereoregon.org\/es\/wp-json\/wp\/v2\/pages\/3911\/revisions\/7626"}],"wp:attachment":[{"href":"https:\/\/getthereoregon.org\/es\/wp-json\/wp\/v2\/media?parent=3911"}],"curies":[{"name":"wp","href":"https:\/\/api.w.org\/{rel}","templated":true}]}}