{"id":357,"date":"2019-06-19T08:47:55","date_gmt":"2019-06-19T15:47:55","guid":{"rendered":"https:\/\/getthereoregon.org\/sumese-al-desafio\/reglas\/"},"modified":"2019-06-28T13:20:24","modified_gmt":"2019-06-28T20:20:24","slug":"reglas","status":"publish","type":"page","link":"https:\/\/getthereoregon.org\/es\/reglas\/","title":{"rendered":"Reglas"},"content":{"rendered":"\r\n<h2 class=\"wp-block-heading\">Reglamento Oficial<\/h2>\r\n\r\n\r\n\r\n<p>Este reglamento (el \u201cReglamento Oficial\u201d) gobierna su participaci\u00f3n en el Desaf\u00edo Llegar a Destino (Get There Challenge) 2019 de Oregon, que premia a las personas (\u201custed\u201d o los \u201cparticipantes\u201d) que se trasladan usando medios de transporte que no sean autom\u00f3viles ocupados por una sola persona. Lea este Reglamento Oficial con atenci\u00f3n antes de participar. Si no est\u00e1 de acuerdo con los t\u00e9rminos de este Reglamento Oficial, no deber\u00eda participar. Su participaci\u00f3n participaci\u00f3n constituye su aceptaci\u00f3n plena e incondicional de este Reglamento Oficial y las decisiones del Patrocinador, que son definitivas y vinculantes en todos los temas relacionados con el Desaf\u00edo.<\/p>\r\n","protected":false},"excerpt":{"rendered":"<p>Reglamento Oficial Este reglamento (el \u201cReglamento Oficial\u201d) gobierna su participaci\u00f3n en el Desaf\u00edo Llegar a Destino (Get There Challenge) 2019 de Oregon, que premia a las personas (\u201custed\u201d o los \u201cparticipantes\u201d) que se trasladan usando medios de transporte que no sean autom\u00f3viles ocupados por una sola persona. Lea este Reglamento Oficial con atenci\u00f3n antes de &hellip; <a href=\"https:\/\/getthereoregon.org\/es\/reglas\/\">Continued<\/a><\/p>\n","protected":false},"author":1,"featured_media":0,"parent":0,"menu_order":0,"comment_status":"closed","ping_status":"closed","template":"","meta":{"_acf_changed":false,"footnotes":""},"acf":[],"_links":{"self":[{"href":"https:\/\/getthereoregon.org\/es\/wp-json\/wp\/v2\/pages\/357"}],"collection":[{"href":"https:\/\/getthereoregon.org\/es\/wp-json\/wp\/v2\/pages"}],"about":[{"href":"https:\/\/getthereoregon.org\/es\/wp-json\/wp\/v2\/types\/page"}],"author":[{"embeddable":true,"href":"https:\/\/getthereoregon.org\/es\/wp-json\/wp\/v2\/users\/1"}],"replies":[{"embeddable":true,"href":"https:\/\/getthereoregon.org\/es\/wp-json\/wp\/v2\/comments?post=357"}],"version-history":[{"count":3,"href":"https:\/\/getthereoregon.org\/es\/wp-json\/wp\/v2\/pages\/357\/revisions"}],"predecessor-version":[{"id":518,"href":"https:\/\/getthereoregon.org\/es\/wp-json\/wp\/v2\/pages\/357\/revisions\/518"}],"wp:attachment":[{"href":"https:\/\/getthereoregon.org\/es\/wp-json\/wp\/v2\/media?parent=357"}],"curies":[{"name":"wp","href":"https:\/\/api.w.org\/{rel}","templated":true}]}}