{"id":2898,"date":"2022-12-15T08:54:55","date_gmt":"2022-12-15T16:54:55","guid":{"rendered":"http:\/\/getthereoregon.org\/?page_id=2898"},"modified":"2026-02-04T16:07:26","modified_gmt":"2026-02-05T00:07:26","slug":"travel-information","status":"publish","type":"page","link":"https:\/\/getthereoregon.org\/es\/travel-information\/","title":{"rendered":"Informaci\u00f3n sobre viajes"},"content":{"rendered":"\r\n<p>\u00a1Evite el tr\u00e1fico y encuentre una mejor manera de viajar antes de salir por la puerta! Los recursos a continuaci\u00f3n tienen lo que necesita para obtener informaci\u00f3n actualizada sobre el tr\u00e1fico, la construcci\u00f3n y los cierres de carreteras para ayudarlo a llegar a su destino.<\/p>\r\n<p><img loading=\"lazy\" decoding=\"async\" class=\"alignright size-medium wp-image-3041\" src=\"http:\/\/getthereoregon.org\/wp-content\/uploads\/2022\/03\/Travel-Information-300x200.jpg\" alt=\"\" width=\"300\" height=\"200\" srcset=\"https:\/\/getthereoregon.org\/wp-content\/uploads\/2022\/03\/Travel-Information-300x200.jpg 300w, https:\/\/getthereoregon.org\/wp-content\/uploads\/2022\/03\/Travel-Information-1024x683.jpg 1024w, https:\/\/getthereoregon.org\/wp-content\/uploads\/2022\/03\/Travel-Information-768x513.jpg 768w, https:\/\/getthereoregon.org\/wp-content\/uploads\/2022\/03\/Travel-Information-1536x1025.jpg 1536w, https:\/\/getthereoregon.org\/wp-content\/uploads\/2022\/03\/Travel-Information-2048x1367.jpg 2048w\" sizes=\"(max-width: 300px) 100vw, 300px\" \/><\/p>\r\n<p><a href=\"https:\/\/getthere.rideamigos.com\/hub\/landing\"><b>Get There Connect<\/b><\/a><\/p>\r\n<p>\u00danase a un viaje compartido en autom\u00f3vil, van o bicicleta, o encuentre su ruta para caminar, andar en bicicleta o tomar el transporte p\u00fablico. \u00a1Get There lo tiene todo! Incluso puede usar Get There Connect para ver cu\u00e1nto dinero ahorrar\u00eda si cambia la forma en que viaja a diario al trabajo.<\/p>\r\n<p><a href=\"http:\/\/www.tripcheck.com\"><b>ODOT Trip Check<\/b><\/a><\/p>\r\n<p>El sitio web Trip Check del Departamento de Transporte de Oregon brinda informaci\u00f3n sobre el clima y las condiciones de las carreteras, as\u00ed como sobre el estado del tr\u00e1fico en vivo en todo el estado.<\/p>\r\n<p><a href=\"https:\/\/www.oregon-point.com\/route-landing\/\"><b>POINT Bus<\/b><\/a><\/p>\r\n<p>\u00bfDesea hacer un viaje fuera de la ciudad, pero no quiere conducir? Para las rutas de Northwest, Cascades, Eastern y Southwest, POINT puede llevarle fuera de la ciudad y de vuelta al punto de partida a un precio muy bajo.<\/p>\r\n<p><a href=\"https:\/\/www.amtrakcascades.com\/\"><strong>Amtrak Cascades<\/strong><\/a><\/p>\r\n<p>Amtrak Cascades es una forma divertida, eficaz y rentable de trasladarse por el noroeste del Pac\u00edfico. Incluye paradas en Vancouver, Columbia Brit\u00e1nica, Seattle, Portland, Eugene, entre muchas otras.<\/p>","protected":false},"excerpt":{"rendered":"<p>\u00a1Evite el tr\u00e1fico y encuentre una mejor manera de viajar antes de salir por la puerta! Los recursos a continuaci\u00f3n tienen lo que necesita para obtener informaci\u00f3n actualizada sobre el tr\u00e1fico, la construcci\u00f3n y los cierres de carreteras para ayudarlo a llegar a su destino. Get There Connect \u00danase a un viaje compartido en autom\u00f3vil, &hellip; <a href=\"https:\/\/getthereoregon.org\/es\/travel-information\/\">Continued<\/a><\/p>\n","protected":false},"author":1,"featured_media":0,"parent":0,"menu_order":0,"comment_status":"closed","ping_status":"closed","template":"","meta":{"_acf_changed":false,"footnotes":""},"acf":[],"_links":{"self":[{"href":"https:\/\/getthereoregon.org\/es\/wp-json\/wp\/v2\/pages\/2898"}],"collection":[{"href":"https:\/\/getthereoregon.org\/es\/wp-json\/wp\/v2\/pages"}],"about":[{"href":"https:\/\/getthereoregon.org\/es\/wp-json\/wp\/v2\/types\/page"}],"author":[{"embeddable":true,"href":"https:\/\/getthereoregon.org\/es\/wp-json\/wp\/v2\/users\/1"}],"replies":[{"embeddable":true,"href":"https:\/\/getthereoregon.org\/es\/wp-json\/wp\/v2\/comments?post=2898"}],"version-history":[{"count":5,"href":"https:\/\/getthereoregon.org\/es\/wp-json\/wp\/v2\/pages\/2898\/revisions"}],"predecessor-version":[{"id":7568,"href":"https:\/\/getthereoregon.org\/es\/wp-json\/wp\/v2\/pages\/2898\/revisions\/7568"}],"wp:attachment":[{"href":"https:\/\/getthereoregon.org\/es\/wp-json\/wp\/v2\/media?parent=2898"}],"curies":[{"name":"wp","href":"https:\/\/api.w.org\/{rel}","templated":true}]}}