{"id":2870,"date":"2022-09-23T14:58:48","date_gmt":"2022-09-23T21:58:48","guid":{"rendered":"http:\/\/getthereoregon.org\/?page_id=2870"},"modified":"2023-01-19T14:10:00","modified_gmt":"2023-01-19T22:10:00","slug":"beneficios","status":"publish","type":"page","link":"https:\/\/getthereoregon.org\/es\/beneficios\/","title":{"rendered":"Beneficios"},"content":{"rendered":"&#13;\n<h4 class=\"wp-block-heading\">La experiencia laboral de los empleados importa<\/h4>&#13;\n<p><span style=\"font-weight: 400;\">Las pr\u00e1cticas laborales est\u00e1n evolucionando a medida que los est\u00e1ndares y normas se replantean en esta nueva normalidad. Ya sea que sus empleados trabajen de forma remota o viajen a diario al trabajo, Get There Oregon y nuestros socios pueden ayudarle a que su organizaci\u00f3n salga adelante:<\/p>\n<ul>\n<li style=\"font-weight: 400;\" aria-level=\"1\">Impulse la participaci\u00f3n de los empleados<img loading=\"lazy\" decoding=\"async\" class=\"alignright wp-image-3161 size-medium\" style=\"font-size: 19.008px;\" src=\"http:\/\/getthereoregon.org\/wp-content\/uploads\/2022\/05\/iStock-637152194-300x200.jpg\" alt=\"\" width=\"300\" height=\"200\" srcset=\"https:\/\/getthereoregon.org\/wp-content\/uploads\/2022\/05\/iStock-637152194-300x200.jpg 300w, https:\/\/getthereoregon.org\/wp-content\/uploads\/2022\/05\/iStock-637152194-1024x683.jpg 1024w, https:\/\/getthereoregon.org\/wp-content\/uploads\/2022\/05\/iStock-637152194-768x512.jpg 768w, https:\/\/getthereoregon.org\/wp-content\/uploads\/2022\/05\/iStock-637152194-1536x1024.jpg 1536w, https:\/\/getthereoregon.org\/wp-content\/uploads\/2022\/05\/iStock-637152194-2048x1365.jpg 2048w\" sizes=\"(max-width: 300px) 100vw, 300px\" \/><\/li>\n<li style=\"font-weight: 400;\" aria-level=\"1\">Aumente la productividad y la moral<\/li>\n<li style=\"font-weight: 400;\" aria-level=\"1\">Mejore la salud y el bienestar (tanto f\u00edsico como mental)<\/li>\n<li style=\"font-weight: 400;\" aria-level=\"1\">Atraiga y conserve a los mejores empleados<\/li>\n<li style=\"font-weight: 400;\" aria-level=\"1\">Reduzca los costos directos, como la necesidad de una gran cantidad de lugares de estacionamiento<\/li>\n<li style=\"font-weight: 400;\" aria-level=\"1\">Haga de Oregon un mejor lugar al reducir la congesti\u00f3n vehicular y, por lo tanto, la contaminaci\u00f3n del aire<\/li>\n<li style=\"font-weight: 400;\" aria-level=\"1\">Adquiera beneficios tributarios, como los que se describen a continuaci\u00f3n<\/li>\n<\/ul>\n<h4> <\/h4>\n<h4>Beneficios tributarios<\/h4>\n<p>El C\u00f3digo fiscal federal permite el uso de d\u00f3lares libres de impuestos para pagar los costos de traslado en transporte p\u00fablico y estacionamiento a trav\u00e9s de programas patrocinados por el empleador. Los beneficios tributarios para personas que viajan a diario al trabajo est\u00e1n regulados en la Secci\u00f3n 132(f), Beneficios adicionales para el transporte que re\u00fana los requisitos (Qualified Transportation Fringe), del C\u00f3digo de Rentas Internas (Internal Revenue Code).<\/p>\n<p>El c\u00f3digo fiscal permite beneficios adicionales de transporte libres de impuestos de hasta $280 al mes por empleado para gastos de transporte p\u00fablico y de hasta $280 al mes por cada estacionamiento que re\u00fane los requisitos. Estacionamiento que re\u00fane los requisitos se define como el estacionamiento en el lugar de trabajo de un empleador, o cerca de \u00e9ste, o en una instalaci\u00f3n desde la cual un empleado viaja al trabajo usando el transporte p\u00fablico o viajes compartidos en van o autom\u00f3vil. Las personas que viajan a diario pueden recibir los beneficios tanto de transporte p\u00fablico como de estacionamiento.<\/p>\n<h5><b>Las empresas pueden ofrecer:<\/b><\/h5>\n<ul>\n<li style=\"font-weight: 400;\" aria-level=\"1\">Un subsidio libre de impuestos, pagado por el empleador<\/li>\n<li style=\"font-weight: 400;\" aria-level=\"1\">Una deducci\u00f3n del sueldo, antes de la deducci\u00f3n de impuestos, pagada por el empleado<\/li>\n<li style=\"font-weight: 400;\" aria-level=\"1\">Una combinaci\u00f3n de las dos opciones anteriores<\/li>\n<\/ul>\n<h5><b>Ahorros para empleados<\/b><\/h5>\n<p>Los empleados que reservan ingresos, antes de la deducci\u00f3n de impuestos, para un beneficio adicional de transporte que re\u00fana los requisitos, no pagan impuestos federales a la renta ni impuestos al salario sobre los ingresos reservados. Por ejemplo, si tiene una tasa tributaria combinada (local, estatal, federal) del 40% y gasta $130 al mes en tarifas de transporte p\u00fablico, entonces ahorrar\u00e1 m\u00e1s de $600 al a\u00f1o. Qualified parking adds even more savings. En cambio, si un empleador elige subsidiar el beneficio, el subsidio en realidad es mejor que un aumento equivalente debido a las ventajas fiscales.<\/p>\n<h5><b>Ahorros para empleadores<\/b><\/h5>\n<p>Proporcionar beneficios tributarios a los trabajadores por viajes diarios al trabajo, antes de la deducci\u00f3n de impuestos, puede ahorrarles a los empleadores parte del pago de impuestos al salario. El valor del beneficio pagado a los empleados se considera un beneficio adicional de transporte libre de impuestos y no una compensaci\u00f3n salarial; por lo tanto, no se aplican impuestos al salario. Los empleadores pueden ahorrar aproximadamente un 7.5% en impuestos al salario sobre el monto que los empleados reserven. Si el empleador elige ofrecer el beneficio adem\u00e1s del salario mensual del empleado, darle a un empleado $255 como beneficios de transporte p\u00fablico le resulta menos costoso que darle al empleado un aumento de $255.<\/p>\n","protected":false},"excerpt":{"rendered":"<p>&#13; La experiencia laboral de los empleados importa &#13; Las pr\u00e1cticas laborales est\u00e1n evolucionando a medida que los est\u00e1ndares y normas se replantean en esta nueva normalidad. Ya sea que sus empleados trabajen de forma remota o viajen a diario al trabajo, Get There Oregon y nuestros socios pueden ayudarle a que su organizaci\u00f3n salga &hellip; <a href=\"https:\/\/getthereoregon.org\/es\/beneficios\/\">Continued<\/a><\/p>\n","protected":false},"author":1,"featured_media":0,"parent":0,"menu_order":0,"comment_status":"closed","ping_status":"closed","template":"","meta":{"_acf_changed":false,"footnotes":""},"acf":[],"_links":{"self":[{"href":"https:\/\/getthereoregon.org\/es\/wp-json\/wp\/v2\/pages\/2870"}],"collection":[{"href":"https:\/\/getthereoregon.org\/es\/wp-json\/wp\/v2\/pages"}],"about":[{"href":"https:\/\/getthereoregon.org\/es\/wp-json\/wp\/v2\/types\/page"}],"author":[{"embeddable":true,"href":"https:\/\/getthereoregon.org\/es\/wp-json\/wp\/v2\/users\/1"}],"replies":[{"embeddable":true,"href":"https:\/\/getthereoregon.org\/es\/wp-json\/wp\/v2\/comments?post=2870"}],"version-history":[{"count":3,"href":"https:\/\/getthereoregon.org\/es\/wp-json\/wp\/v2\/pages\/2870\/revisions"}],"predecessor-version":[{"id":3887,"href":"https:\/\/getthereoregon.org\/es\/wp-json\/wp\/v2\/pages\/2870\/revisions\/3887"}],"wp:attachment":[{"href":"https:\/\/getthereoregon.org\/es\/wp-json\/wp\/v2\/media?parent=2870"}],"curies":[{"name":"wp","href":"https:\/\/api.w.org\/{rel}","templated":true}]}}