{"id":2857,"date":"2022-09-23T14:58:47","date_gmt":"2022-09-23T21:58:47","guid":{"rendered":"http:\/\/getthereoregon.org\/?page_id=2857"},"modified":"2026-02-04T14:53:08","modified_gmt":"2026-02-04T22:53:08","slug":"transporte-publico","status":"publish","type":"page","link":"https:\/\/getthereoregon.org\/es\/transporte-publico\/","title":{"rendered":"Transporte p\u00fablico"},"content":{"rendered":"\r\n<h4 class=\"wp-block-heading\">Deje que otra persona maneje: utilice el transporte p\u00fablico para ahorrar m\u00e1s<\/h4>\r\n\r\n<p>P\u00f3ngase c\u00f3modo, rel\u00e1jese y disfrute del viaje con su agencia de transporte p\u00fablico local.<\/p>\r\n<p><img loading=\"lazy\" decoding=\"async\" class=\"alignright size-medium wp-image-3035\" style=\"letter-spacing: 0.48px;\" src=\"http:\/\/getthereoregon.org\/wp-content\/uploads\/2022\/03\/Transit-300x200.jpg\" alt=\"\" width=\"300\" height=\"200\" srcset=\"https:\/\/getthereoregon.org\/wp-content\/uploads\/2022\/03\/Transit-300x200.jpg 300w, https:\/\/getthereoregon.org\/wp-content\/uploads\/2022\/03\/Transit-1024x683.jpg 1024w, https:\/\/getthereoregon.org\/wp-content\/uploads\/2022\/03\/Transit-768x512.jpg 768w, https:\/\/getthereoregon.org\/wp-content\/uploads\/2022\/03\/Transit-1536x1024.jpg 1536w, https:\/\/getthereoregon.org\/wp-content\/uploads\/2022\/03\/Transit-2048x1365.jpg 2048w\" sizes=\"(max-width: 300px) 100vw, 300px\" \/><\/p>\r\n<ul>\r\n<li style=\"font-weight: 400;\" aria-level=\"1\"><strong>Gaste menos y reduzca las emisiones:<\/strong> ahorre dinero en gasolina y reparaciones del autom\u00f3vil, y ayude a reducir las emisiones de di\u00f3xido de carbono al compartir el viaje en el transporte p\u00fablico.<\/li>\r\n<li style=\"font-weight: 400;\" aria-level=\"1\"><strong>Consiga algo de \u201ctiempo para USTED\u201d:<\/strong> usar el transporte p\u00fablico le permite disfrutar de su viaje al no tener que conducir. Rel\u00e1jese con un libro o podcast, juegue videojuegos, navegue por las redes sociales o simplemente disfrute del paisaje mientras lo llevan a su destino.<\/li>\r\n<\/ul>\r\n<p>El servicio de transporte p\u00fablico var\u00eda en todo el estado, por lo que le recomendamos que consulte nuestros consejos y recursos que aparecen a continuaci\u00f3n para hacer de su viaje al trabajo una mejor experiencia.<\/p>\r\n<h4>Consejos y trucos<\/h4>\r\n<ul>\r\n<li style=\"font-weight: 400;\" aria-level=\"1\">\u00bfNo vive cerca de un centro de transporte p\u00fablico o de una parada de autob\u00fas? Use la herramienta Get There Connect para encontrar un estacionamiento con acceso al transporte p\u00fablico, o bien, vaya en bicicleta o a pie hasta la l\u00ednea de conexi\u00f3n al transporte p\u00fablico m\u00e1s cercana.<\/li>\r\n<li style=\"font-weight: 400;\" aria-level=\"1\">Visite el sitio web de su proveedor de transporte p\u00fablico local para consultar horarios, avisos del servicio e informaci\u00f3n de pago.<\/li>\r\n<li style=\"font-weight: 400;\" aria-level=\"1\">\u00a1Planifique su viaje con anticipaci\u00f3n y disponga de un margen de tiempo adicional en caso de tener una cita urgente!<\/li>\r\n<li style=\"font-weight: 400;\" aria-level=\"1\">El conductor del autob\u00fas est\u00e1 all\u00ed para ayudarle. Si tiene dudas, \u00a1pregunte! Si tiene dudas, \u00a1pregunte!<\/li>\r\n<li style=\"font-weight: 400;\" aria-level=\"1\">Sea considerado con los dem\u00e1s pasajeros: utilice auriculares y limite las llamadas por tel\u00e9fono.<\/li>\r\n<li aria-level=\"1\">Si su agencia de transporte p\u00fablico local ofrece informaci\u00f3n de llegadas en tiempo real, averig\u00fce d\u00f3nde puede verla; de esta manera sabr\u00e1 exactamente a qu\u00e9 hora llegar\u00e1 el autob\u00fas.<\/li>\r\n<\/ul>\r\n<h4>Herramientas y recursos<\/h4>\r\n<ul>\r\n<li><a href=\"https:\/\/getthere.rideamigos.com\/hub\/landing\"><b>Get There Connect:<\/b><\/a> encuentre las rutas de transporte p\u00fablico m\u00e1s r\u00e1pidas, registre sus viajes para ver cu\u00e1nto ha ahorrado y mucho m\u00e1s.<\/li>\r\n<li><a href=\"http:\/\/maps.google.com\"><b>Google Maps:<\/b><\/a> es ideal para planificar viajes y obtener informaci\u00f3n de llegadas en tiempo real.<\/li>\r\n<\/ul>","protected":false},"excerpt":{"rendered":"<p>Deje que otra persona maneje: utilice el transporte p\u00fablico para ahorrar m\u00e1s P\u00f3ngase c\u00f3modo, rel\u00e1jese y disfrute del viaje con su agencia de transporte p\u00fablico local. Gaste menos y reduzca las emisiones: ahorre dinero en gasolina y reparaciones del autom\u00f3vil, y ayude a reducir las emisiones de di\u00f3xido de carbono al compartir el viaje en &hellip; <a href=\"https:\/\/getthereoregon.org\/es\/transporte-publico\/\">Continued<\/a><\/p>\n","protected":false},"author":1,"featured_media":0,"parent":0,"menu_order":0,"comment_status":"closed","ping_status":"closed","template":"","meta":{"_acf_changed":false,"footnotes":""},"acf":[],"_links":{"self":[{"href":"https:\/\/getthereoregon.org\/es\/wp-json\/wp\/v2\/pages\/2857"}],"collection":[{"href":"https:\/\/getthereoregon.org\/es\/wp-json\/wp\/v2\/pages"}],"about":[{"href":"https:\/\/getthereoregon.org\/es\/wp-json\/wp\/v2\/types\/page"}],"author":[{"embeddable":true,"href":"https:\/\/getthereoregon.org\/es\/wp-json\/wp\/v2\/users\/1"}],"replies":[{"embeddable":true,"href":"https:\/\/getthereoregon.org\/es\/wp-json\/wp\/v2\/comments?post=2857"}],"version-history":[{"count":6,"href":"https:\/\/getthereoregon.org\/es\/wp-json\/wp\/v2\/pages\/2857\/revisions"}],"predecessor-version":[{"id":7563,"href":"https:\/\/getthereoregon.org\/es\/wp-json\/wp\/v2\/pages\/2857\/revisions\/7563"}],"wp:attachment":[{"href":"https:\/\/getthereoregon.org\/es\/wp-json\/wp\/v2\/media?parent=2857"}],"curies":[{"name":"wp","href":"https:\/\/api.w.org\/{rel}","templated":true}]}}