{"id":2843,"date":"2022-11-10T11:24:44","date_gmt":"2022-11-10T19:24:44","guid":{"rendered":"http:\/\/getthereoregon.org\/?page_id=2843"},"modified":"2026-02-23T16:02:47","modified_gmt":"2026-02-24T00:02:47","slug":"get-there-connect","status":"publish","type":"page","link":"https:\/\/getthereoregon.org\/es\/get-there-connect\/","title":{"rendered":"Get There Connect"},"content":{"rendered":"\r\n<h2 class=\"wp-block-heading\">Haga de su viaje al trabajo una mejor experiencia<\/h2>\r\n<h3>Ahorre dinero. Mejore su salud. Reduzca las emisiones de di\u00f3xido de carbono. Disfrute el viaje.<\/h3>\r\n\r\n<p>Get There Connect es una herramienta gratuita de planificaci\u00f3n de viajes, b\u00fasqueda de coincidencias de rutas compartidas y consulta de estad\u00edsticas en l\u00ednea para personas que viajan a diario al trabajo.<\/p>\r\n<h4>Con Get There Connect, usted puede:<\/h4>\r\n<ul>\r\n<li>Explorar y aprovechar las opciones de viajes diarios al trabajo: <span style=\"font-weight: 400;\">transporte p\u00fablico, viajes compartidos en autom\u00f3vil o en van, traslado en bicicleta o a pie.<\/span><\/li>\r\n<li>Encontrar a otras personas que van por su misma ruta y compartir el viaje en autom\u00f3vil o en van.<\/li>\r\n<li>Ver estad\u00edsticas del dinero que ha ahorrado, las calor\u00edas quemadas y la reducci\u00f3n en sus emisiones de di\u00f3xido de carbono.<\/li>\r\n<li>Participar en desaf\u00edos y ganar premios locales cuando est\u00e9n disponibles.<\/li>\r\n<\/ul>\r\n<p><img loading=\"lazy\" decoding=\"async\" class=\"alignnone wp-image-7496\" style=\"letter-spacing: 0.48px;\" src=\"http:\/\/getthereoregon.org\/wp-content\/uploads\/2026\/01\/Screenshot-2026-01-23-125152-300x275.png\" alt=\"Snapshot of the Get There Connect Dashboard\" width=\"500\" height=\"458\" srcset=\"https:\/\/getthereoregon.org\/wp-content\/uploads\/2026\/01\/Screenshot-2026-01-23-125152-300x275.png 300w, https:\/\/getthereoregon.org\/wp-content\/uploads\/2026\/01\/Screenshot-2026-01-23-125152-768x704.png 768w, https:\/\/getthereoregon.org\/wp-content\/uploads\/2026\/01\/Screenshot-2026-01-23-125152.png 818w\" sizes=\"(max-width: 500px) 100vw, 500px\" \/><\/p>\r\n<h5>Empezar es muy sencillo:<\/h5>\r\n<ol>\r\n<li style=\"font-weight: 400;\" aria-level=\"1\"><a href=\"https:\/\/getthere.rideamigos.com\/hub\/landing\"><span style=\"font-weight: 400;\">Cree una cuenta<\/span><\/a> <span style=\"font-weight: 400;\">en Get There Connect con su dispositivo m\u00f3vil o computadora de escritorio,<\/span> <a href=\"https:\/\/getthere.rideamigos.com\/#\/#!m=account.login\"><span style=\"font-weight: 400;\">o inicie sesi\u00f3n aqu\u00ed<\/span><\/a>.<span style=\"font-weight: 400;\">. \u00a1Solo tiene que ingresar su nombre, correo electr\u00f3nico y c\u00f3digo postal!<\/span><\/li>\r\n<li style=\"font-weight: 400;\" aria-level=\"1\"><span style=\"font-weight: 400;\">Vaya al tablero de instrumentos para explorar las opciones de viajes diarios al trabajo, encontrar o iniciar viajes compartidos en autom\u00f3vil, ver lo que ha ahorrado, revisar si re\u00fane los requisitos para recibir premios locales y mucho m\u00e1s.<\/span><\/li>\r\n<\/ol>\r\n<p><span style=\"font-weight: 400;\"><a href=\"http:\/\/getthereoregon.org\/es\/get-there-connect-2\/\">Haga clic aqu\u00ed<\/a> para obtener m\u00e1s informaci\u00f3n y ver videos de c\u00f3mo navegar por Connect, registrar viajes, encontrar un viaje compartido en autom\u00f3vil y mucho m\u00e1s.<\/span><\/p>\r\n<p>Puedes acceder a Get There Connect desde el panel en l\u00ednea o a trav\u00e9s de la aplicaci\u00f3n m\u00f3vil, que te permite registrar y seguir tus viajes en tiempo real mientras te desplazas.<\/p>\r\n<p>Desc\u00e1rgala en <a href=\"https:\/\/play.google.com\/store\/apps\/details?id=com.rideamigos.commutehub.odot\">Google Play<\/a> o en la <a href=\"https:\/\/apps.apple.com\/us\/app\/get-there-connect\/id6757503430\">App Store de Apple<\/a>.<\/p>\r\n<p><a href=\"https:\/\/getthere.rideamigos.com\/hub\/landing\">Reg\u00edstrese<\/a> | <a href=\"https:\/\/getthere.rideamigos.com\/hub\/landing\">Inicie sesi\u00f3n<\/a><\/p>","protected":false},"excerpt":{"rendered":"<p>Haga de su viaje al trabajo una mejor experiencia Ahorre dinero. Mejore su salud. Reduzca las emisiones de di\u00f3xido de carbono. Disfrute el viaje. Get There Connect es una herramienta gratuita de planificaci\u00f3n de viajes, b\u00fasqueda de coincidencias de rutas compartidas y consulta de estad\u00edsticas en l\u00ednea para personas que viajan a diario al trabajo. &hellip; <a href=\"https:\/\/getthereoregon.org\/es\/get-there-connect\/\">Continued<\/a><\/p>\n","protected":false},"author":1,"featured_media":0,"parent":0,"menu_order":0,"comment_status":"closed","ping_status":"closed","template":"views\/template-subheading.blade.php","meta":{"_acf_changed":false,"footnotes":""},"acf":[],"_links":{"self":[{"href":"https:\/\/getthereoregon.org\/es\/wp-json\/wp\/v2\/pages\/2843"}],"collection":[{"href":"https:\/\/getthereoregon.org\/es\/wp-json\/wp\/v2\/pages"}],"about":[{"href":"https:\/\/getthereoregon.org\/es\/wp-json\/wp\/v2\/types\/page"}],"author":[{"embeddable":true,"href":"https:\/\/getthereoregon.org\/es\/wp-json\/wp\/v2\/users\/1"}],"replies":[{"embeddable":true,"href":"https:\/\/getthereoregon.org\/es\/wp-json\/wp\/v2\/comments?post=2843"}],"version-history":[{"count":12,"href":"https:\/\/getthereoregon.org\/es\/wp-json\/wp\/v2\/pages\/2843\/revisions"}],"predecessor-version":[{"id":7619,"href":"https:\/\/getthereoregon.org\/es\/wp-json\/wp\/v2\/pages\/2843\/revisions\/7619"}],"wp:attachment":[{"href":"https:\/\/getthereoregon.org\/es\/wp-json\/wp\/v2\/media?parent=2843"}],"curies":[{"name":"wp","href":"https:\/\/api.w.org\/{rel}","templated":true}]}}