{"id":202,"date":"2019-06-05T14:28:29","date_gmt":"2019-06-05T21:28:29","guid":{"rendered":"https:\/\/getthereoregon.org\/viajes-compartidos-en-van-en-el-noroeste-vanpool-nw\/"},"modified":"2026-02-04T14:51:21","modified_gmt":"2026-02-04T22:51:21","slug":"viajes-compartidos-en-van-en-el-noroeste-vanpool-nw","status":"publish","type":"page","link":"https:\/\/getthereoregon.org\/es\/viajes-compartidos-en-van-en-el-noroeste-vanpool-nw\/","title":{"rendered":"Viajes compartidos en van"},"content":{"rendered":"\r\n<h4 class=\"wp-block-heading\">\u00bfEs un viaje largo? No se preocupe.<\/h4>\r\n\r\n<p>Encuentre un viaje compartido en van y haga de su viaje al trabajo una mejor experiencia al compartiendo costos. Si va a viajar una distancia m\u00e1s larga (normalmente m\u00e1s de 20 millas), los viajes compartidos en van son una gran opci\u00f3n. Compartir viajes en van le permite convivir con un grupo m\u00e1s grande (por lo general de 5 a 15 personas) la carga de su viaje al trabajo. Encuentre o inicie un grupo para compartir su viaje en van y disfrute de algunos de los siguientes beneficios:<\/p>\r\n<p>&nbsp;<\/p>\r\n<ul>\r\n<li style=\"font-weight: 400;\" aria-level=\"1\"><b>Ahorre dinero y reduzca las emisiones:<\/b> Compartir un viaje en van facilita el ahorro de dinero y la reducci\u00f3n de emisiones de di\u00f3xido de carbono. \u00a1Al dividir los costos entre 5 a 15 miembros, usted pasar\u00e1 menos tiempo detr\u00e1s del volante y ahorrar\u00e1 m\u00e1s!<\/li>\r\n<li style=\"font-weight: 400;\" aria-level=\"1\"><strong>Disfrute de \u201dtiempo para usted mismo\u201d:<\/strong> Al tener un grupo grande con quien compartir la responsabilidad de conducir, usted tendr\u00e1 m\u00e1s tiempo para hacer las cosas que disfruta durante su camino al trabajo. Navegue por las redes sociales, practique un juego, converse con sus compa\u00f1eros de viaje o simplemente p\u00f3ngase c\u00f3modo y rel\u00e1jese.<\/li>\r\n<\/ul>\r\n<p><!-- \/wp:paragraph --><\/p>\r\n<p><!-- wp:paragraph --><\/p>\r\n<p>En un viaje compartido en van, los costos se dividen entre los miembros, y los participantes pueden asumir responsabilidades de manejo o coordinaci\u00f3n para obtener un descuento en su parte de los costos. Los acuerdos m\u00e1s comunes para viajes compartidos en van se coordinan a trav\u00e9s de programas p\u00fablicos o con proveedores externos que brindan servicios a empleadores o personas que viajan a diario.<\/p>\r\n<p><!-- \/wp:paragraph --><\/p>\r\n<p><!-- wp:heading {\"level\":4} --><\/p>\r\n<h4>Herramientas y recursos<\/h4>\r\n<ul>\r\n<li><strong>Use <a href=\"https:\/\/getthere.rideamigos.com\/hub\/landing\">Get There Connect<\/a> para encontrar un grupo existente de viaje compartido en van en Oregon,<\/strong> o consulte la siguiente lista para obtener enlaces e informaci\u00f3n sobre proveedores y programas p\u00fablicos de viajes compartidos en van:<\/li>\r\n<\/ul>\r\n<p><!-- \/wp:heading --><\/p>\r\n<p><!-- wp:list --><\/p>\r\n<ul>\r\n<li style=\"list-style-type: none;\">\r\n<ul>\r\n<li><a href=\"https:\/\/www.commutewithenterprise.com\/\" target=\"_blank\" rel=\"noreferrer noopener external\" aria-label=\" (opens in a new tab)\" data-wpel-link=\"external\">Commute with Enterprise<\/a> proporciona servicios de viajes en van a empleadores y personas que viajan a diario a su trabajo en todo Oregon. Commute with Enterprise puede ayudar a los empleadores y trabajadores a solicitar o unirse a un grupo de viaje compartido en van, brindar recursos e informaci\u00f3n sobre subsidios disponibles, y ayudar a reclutar pasajeros cuando sea necesario.<\/li>\r\n<li><a href=\"https:\/\/www.c-tran.com\/c-tran-services\/vanpool\" target=\"_blank\" rel=\"noreferrer noopener external\" aria-label=\" (opens in a new tab)\" data-wpel-link=\"external\">C-TRAN<\/a> ofrece servicios de viajes compartidos en van para traslados que comienzan o terminan en el estado de Washington, incluidos los traslados que cruzan la frontera estatal. Tambi\u00e9n brindan servicios a pasajeros que viajan por lo menos 10 millas en cada direcci\u00f3n y al menos un extremo del viaje debe comenzar o terminar en los condados de Clark o Yacolt.<\/li>\r\n<\/ul>\r\n<\/li>\r\n<li><strong>Manual de coordinaci\u00f3n de viajes compartidos en van:<\/strong> \u00bfBusca consejos para iniciar un viaje compartido en van o mantener el servicio sin contratiempos? <a href=\"http:\/\/getthereoregon.org\/wp-content\/uploads\/2022\/02\/GetThere_Vanpool_Handbook_FINAL.pdf\" data-wpel-link=\"internal\">Descargue el Manual de coordinaci\u00f3n de viajes compartidos en van<\/a> para averiguar qu\u00e9 tienen en com\u00fan los viajes compartidos exitosos y qu\u00e9 ayuda est\u00e1 disponible para usted.<\/li>\r\n<\/ul>\r\n<p><!-- \/wp:list --><\/p>","protected":false},"excerpt":{"rendered":"<p>\u00bfEs un viaje largo? No se preocupe. Encuentre un viaje compartido en van y haga de su viaje al trabajo una mejor experiencia al compartiendo costos. Si va a viajar una distancia m\u00e1s larga (normalmente m\u00e1s de 20 millas), los viajes compartidos en van son una gran opci\u00f3n. Compartir viajes en van le permite convivir &hellip; <a href=\"https:\/\/getthereoregon.org\/es\/viajes-compartidos-en-van-en-el-noroeste-vanpool-nw\/\">Continued<\/a><\/p>\n","protected":false},"author":1,"featured_media":0,"parent":0,"menu_order":0,"comment_status":"closed","ping_status":"closed","template":"","meta":{"_acf_changed":false,"footnotes":""},"acf":[],"_links":{"self":[{"href":"https:\/\/getthereoregon.org\/es\/wp-json\/wp\/v2\/pages\/202"}],"collection":[{"href":"https:\/\/getthereoregon.org\/es\/wp-json\/wp\/v2\/pages"}],"about":[{"href":"https:\/\/getthereoregon.org\/es\/wp-json\/wp\/v2\/types\/page"}],"author":[{"embeddable":true,"href":"https:\/\/getthereoregon.org\/es\/wp-json\/wp\/v2\/users\/1"}],"replies":[{"embeddable":true,"href":"https:\/\/getthereoregon.org\/es\/wp-json\/wp\/v2\/comments?post=202"}],"version-history":[{"count":11,"href":"https:\/\/getthereoregon.org\/es\/wp-json\/wp\/v2\/pages\/202\/revisions"}],"predecessor-version":[{"id":7562,"href":"https:\/\/getthereoregon.org\/es\/wp-json\/wp\/v2\/pages\/202\/revisions\/7562"}],"wp:attachment":[{"href":"https:\/\/getthereoregon.org\/es\/wp-json\/wp\/v2\/media?parent=202"}],"curies":[{"name":"wp","href":"https:\/\/api.w.org\/{rel}","templated":true}]}}