{"id":1811,"date":"2021-01-19T10:50:54","date_gmt":"2021-01-19T18:50:54","guid":{"rendered":"http:\/\/getthereoregon.org\/viajes-compartidos-en-van-en-el-noroeste-vanpool-nw\/valley-vanpool\/"},"modified":"2021-01-19T16:49:46","modified_gmt":"2021-01-20T00:49:46","slug":"valley-vanpool","status":"publish","type":"page","link":"https:\/\/getthereoregon.org\/es\/viajes-compartidos-en-van-en-el-noroeste-vanpool-nw\/valley-vanpool\/","title":{"rendered":"Valley Vanpool"},"content":{"rendered":"<h2>Sobre nosotros<\/h2>\n<p class=\"lead\">Valley Vanpool supervisa los vanpools en Willamette Valley, proporcionando servicio y apoyo directo a los viajeros.<\/p>\n<h2>Rutas<\/h2>\n<ol>\n<li>Haga clic en la ruta de vanpool de su inter\u00e9s en la lista siguiente.<\/li>\n<li>En el lado izquierdo de la p\u00e1gina, despl\u00e1cese hacia abajo y haga clic en VANPOOL para ver las rutas disponibles.<\/li>\n<li>Haga clic en el cuadro de resultados para obtener m\u00e1s informaci\u00f3n o para ponerse en contacto con el coordinador de vanpool para obtener m\u00e1s informaci\u00f3n.<\/li>\n<\/ol>\n<p class=\"lead\">Haga clic en las rutas de viajes compartidos actuales para obtener m\u00e1s informaci\u00f3n:<\/p>\n<p>&nbsp;<\/p>\n<div class=\"row vanpool-row\">\n<div class=\"offset-0 col-12 offset-md-1 col-md-10\">\n<h4>Origen: Portland, Happy Valley, Tualatin<\/h4>\n<table class=\"bg-light\">\n<tbody>\n<tr class=\"header\">\n<td><strong>Origen<\/strong><\/td>\n<td><strong>Destino<\/strong><\/td>\n<\/tr>\n<tr>\n<td><a href=\"https:\/\/getthere.rideamigos.com\/#\/dashboard\/plan\/Portland,%20Oregon%7C45.511790000000076,-122.67562999999996\/Salem,%20Oregon%7C44.933260000000075,-123.04380999999995\/?date=2020-09-11&amp;time=03:05%20PM\"><br \/>\nPortland<br \/>\n<\/a><\/td>\n<td><a href=\"https:\/\/getthere.rideamigos.com\/#\/dashboard\/plan\/Portland,%20Oregon%7C45.511790000000076,-122.67562999999996\/Salem,%20Oregon%7C44.933260000000075,-123.04380999999995\/?date=2020-09-11&amp;time=03:05%20PM\"><br \/>\nSalem<br \/>\n<\/a><\/td>\n<\/tr>\n<tr>\n<td><a href=\"https:\/\/getthere.rideamigos.com\/#\/dashboard\/plan\/Happy%20Valley,%20Oregon%7C45.44697000000008,-122.53067999999996\/Salem,%20Oregon%7C44.933260000000075,-123.04380999999995\/?date=2020-09-11&amp;time=03:05%20PM\"><br \/>\nHappy Valley<br \/>\n<\/a><\/td>\n<td><a href=\"https:\/\/getthere.rideamigos.com\/#\/dashboard\/plan\/Happy%20Valley,%20Oregon%7C45.44697000000008,-122.53067999999996\/Salem,%20Oregon%7C44.933260000000075,-123.04380999999995\/?date=2020-09-11&amp;time=03:05%20PM\"><br \/>\nSalem<br \/>\n<\/a><\/td>\n<\/tr>\n<tr>\n<td><\/td>\n<td><\/td>\n<\/tr>\n<tr>\n<td><a href=\"https:\/\/getthere.rideamigos.com\/#\/dashboard\/plan\/Tualatin,%20Oregon%7C45.384610000000066,-122.75897999999995\/Salem,%20Oregon%7C44.933260000000075,-123.04380999999995\/?date=2020-09-11&amp;time=03:05%20PM\"><br \/>\nTualatin<br \/>\n<\/a><\/td>\n<td><a href=\"https:\/\/getthere.rideamigos.com\/#\/dashboard\/plan\/Tualatin,%20Oregon%7C45.384610000000066,-122.75897999999995\/Salem,%20Oregon%7C44.933260000000075,-123.04380999999995\/?date=2020-09-11&amp;time=03:05%20PM\"><br \/>\nSalem<br \/>\n<\/a><\/td>\n<\/tr>\n<\/tbody>\n<\/table>\n<h4>Origen: Corvallis<\/h4>\n<table class=\"bg-light\">\n<tbody>\n<tr class=\"header\">\n<td><strong>Origen<\/strong><\/td>\n<td><strong>Destino<\/strong><\/td>\n<\/tr>\n<tr>\n<td><a href=\"https:\/\/getthere.rideamigos.com\/#\/dashboard\/plan\/Corvallis,%20Oregon%7C44.565030000000036,-123.26350999999994\/Sheridan,%20Oregon%7C45.096760000000074,-123.39538999999996\/?date=2020-09-11&amp;time=03:05%20PM\"><br \/>\nCorvallis<br \/>\n<\/a><\/td>\n<td><a href=\"https:\/\/getthere.rideamigos.com\/#\/dashboard\/plan\/Corvallis,%20Oregon%7C44.565030000000036,-123.26350999999994\/Sheridan,%20Oregon%7C45.096760000000074,-123.39538999999996\/?date=2020-09-11&amp;time=03:05%20PM\"><br \/>\nSheridan<br \/>\n<\/a><\/td>\n<\/tr>\n<\/tbody>\n<\/table>\n<h4>Origen: Salem, Dallas, McMinnville, Yamhill,<br \/>\nKeizer, Independence<\/h4>\n<table class=\"bg-light\">\n<tbody>\n<tr class=\"header\">\n<td><strong>Origen<\/strong><\/td>\n<td><strong>Destino<\/strong><\/td>\n<\/tr>\n<tr>\n<td><a href=\"https:\/\/getthere.rideamigos.com\/#\/dashboard\/plan\/Salem,%20Oregon%7C44.933260000000075,-123.04380999999995\/Sheridan,%20Oregon%7C45.096760000000074,-123.39538999999996\/?date=2020-09-11&amp;time=03:05%20PM\"><br \/>\nSalem<br \/>\n<\/a><\/td>\n<td><a href=\"https:\/\/getthere.rideamigos.com\/#\/dashboard\/plan\/Salem,%20Oregon%7C44.933260000000075,-123.04380999999995\/Sheridan,%20Oregon%7C45.096760000000074,-123.39538999999996\/?date=2020-09-11&amp;time=03:05%20PM\"><br \/>\nSheridan<br \/>\n<\/a><\/td>\n<\/tr>\n<tr>\n<td><a href=\"https:\/\/getthere.rideamigos.com\/#\/dashboard\/plan\/Salem,%20Oregon%7C44.933260000000075,-123.04380999999995\/Portland,%20Oregon%7C45.511790000000076,-122.67562999999996\/?date=2020-09-11&amp;time=03:05%20PM\"><br \/>\nSalem<br \/>\n<\/a><\/td>\n<td><a href=\"https:\/\/getthere.rideamigos.com\/#\/dashboard\/plan\/Salem,%20Oregon%7C44.933260000000075,-123.04380999999995\/Portland,%20Oregon%7C45.511790000000076,-122.67562999999996\/?date=2020-09-11&amp;time=03:05%20PM\"><br \/>\nPortland<br \/>\n<\/a><\/td>\n<\/tr>\n<tr>\n<td><a href=\"https:\/\/getthere.rideamigos.com\/#\/dashboard\/plan\/Dallas,%20Oregon%7C44.920990000000074,-123.31530999999995\/Sheridan,%20Oregon%7C45.096760000000074,-123.39538999999996\/?date=2020-09-11&amp;time=03:05%20PM\"><br \/>\nDallas<br \/>\n<\/a><\/td>\n<td><a href=\"https:\/\/getthere.rideamigos.com\/#\/dashboard\/plan\/Dallas,%20Oregon%7C44.920990000000074,-123.31530999999995\/Sheridan,%20Oregon%7C45.096760000000074,-123.39538999999996\/?date=2020-09-11&amp;time=03:05%20PM\"><br \/>\nSheridan<br \/>\n<\/a><\/td>\n<\/tr>\n<tr>\n<td><a href=\"https:\/\/getthere.rideamigos.com\/#\/dashboard\/plan\/McMinnville,%20Oregon%7C45.20920000000007,-123.19912999999997\/Sheridan,%20Oregon%7C45.096760000000074,-123.39538999999996\/?date=2020-09-11&amp;time=03:05%20PM\"><br \/>\nMcMinnville<br \/>\n<\/a><\/td>\n<td><a href=\"https:\/\/getthere.rideamigos.com\/#\/dashboard\/plan\/Sherwood,%20Oregon%7C45.35650000000004,-122.84048999999999\/Sheridan,%20Oregon%7C45.096760000000074,-123.39538999999996\/?date=2020-09-11&amp;time=03:05%20PM\"><br \/>\nSheridan<br \/>\n<\/a><\/td>\n<\/tr>\n<tr>\n<td><a href=\"https:\/\/getthere.rideamigos.com\/#\/dashboard\/plan\/Yamhill,%20Oregon%7C45.340370000000064,-123.18786999999998\/Sheridan,%20Oregon%7C45.096760000000074,-123.39538999999996\/?date=2020-09-11&amp;time=03:05%20PM\"><br \/>\nYamhill<br \/>\n<\/a><\/td>\n<td><a href=\"https:\/\/getthere.rideamigos.com\/#\/dashboard\/plan\/Yamhill,%20Oregon%7C45.340370000000064,-123.18786999999998\/Sheridan,%20Oregon%7C45.096760000000074,-123.39538999999996\/?date=2020-09-11&amp;time=03:05%20PM\"><br \/>\nSheridan<br \/>\n<\/a><\/td>\n<\/tr>\n<tr>\n<td><a href=\"https:\/\/getthere.rideamigos.com\/#\/dashboard\/plan\/Independence,%20Oregon%7C44.85116000000005,-123.18688999999995\/Sheridan,%20Oregon%7C45.096760000000074,-123.39538999999996\/?date=2020-09-11&amp;time=03:05%20PM\"><br \/>\nIndependence<br \/>\n<\/a><\/td>\n<td><a href=\"https:\/\/getthere.rideamigos.com\/#\/dashboard\/plan\/Independence,%20Oregon%7C44.85116000000005,-123.18688999999995\/Sheridan,%20Oregon%7C45.096760000000074,-123.39538999999996\/?date=2020-09-11&amp;time=03:05%20PM\"><br \/>\nSheridan<br \/>\n<\/a><\/td>\n<\/tr>\n<\/tbody>\n<\/table>\n<h4>Origen: Eugene<\/h4>\n<table class=\"bg-light\">\n<tbody>\n<tr class=\"header\">\n<td><strong>Origen<\/strong><\/td>\n<td><strong>Destino<\/strong><\/td>\n<\/tr>\n<tr>\n<td><a href=\"https:\/\/getthere.rideamigos.com\/#\/dashboard\/plan\/Eugene,%20Oregon%7C44.04992000000004,-123.08853999999997\/Salem,%20Oregon%7C44.933260000000075,-123.04380999999995\/?date=2020-09-11&amp;time=03:05%20PM\"><br \/>\nEugene<br \/>\n<\/a><\/td>\n<td><a href=\"https:\/\/getthere.rideamigos.com\/#\/dashboard\/plan\/Eugene,%20Oregon%7C44.04992000000004,-123.08853999999997\/Salem,%20Oregon%7C44.933260000000075,-123.04380999999995\/?date=2020-09-11&amp;time=03:05%20PM\"><br \/>\nSalem<br \/>\n<\/a><\/td>\n<\/tr>\n<\/tbody>\n<\/table>\n<\/div>\n<\/div>\n<h3>Contactos<\/h3>\n<h4>Informaci\u00f3n sobre la ruta<\/h4>\n<p>Contacte a Emma Ch\u00e1vez al <a href=\"tel:+1-503-612-8194\">541-924-8405<\/a> para obtener la informaci\u00f3n m\u00e1s actualizada sobre rutas espec\u00edficas o para conectarse con un coordinador de vanpool.<\/p>\n<h4>Informaci\u00f3n general<\/h4>\n<p>Valley Vanpool es una asociaci\u00f3n entre cuatro proveedores de servicios de transporte: <a href=\"http:\/\/www.ocwcog.org\/transportation\/cascades-west-transportation-options\/\">Cascades West Transportation Options<\/a>, <a href=\"https:\/\/www.cherriots.org\/tripchoice\/\">Cherriots Trip Choice<\/a>, <a href=\"https:\/\/www.ltd.org\/\">Lane Transit District<\/a> y <a href=\"https:\/\/www.ridesmart.com\/transit\">South Metro Area Regional Transit (SMART).<\/a> \u00bfNo ve la ruta que necesita o desea m\u00e1s informaci\u00f3n? Escr\u00edbanos a ridemanager@ocwcog.org o llame a Emma Ch\u00e1vez al <a href=\"tel:+1-541-812-2004\">541-924-8405<\/a>.<\/p>\n","protected":false},"excerpt":{"rendered":"<p>Sobre nosotros Valley Vanpool supervisa los vanpools en Willamette Valley, proporcionando servicio y apoyo directo a los viajeros. Rutas Haga clic en la ruta de vanpool de su inter\u00e9s en la lista siguiente. En el lado izquierdo de la p\u00e1gina, despl\u00e1cese hacia abajo y haga clic en VANPOOL para ver las rutas disponibles. Haga clic &hellip; <a href=\"https:\/\/getthereoregon.org\/es\/viajes-compartidos-en-van-en-el-noroeste-vanpool-nw\/valley-vanpool\/\">Continued<\/a><\/p>\n","protected":false},"author":1,"featured_media":0,"parent":202,"menu_order":0,"comment_status":"closed","ping_status":"closed","template":"","meta":{"_acf_changed":false,"footnotes":""},"acf":[],"_links":{"self":[{"href":"https:\/\/getthereoregon.org\/es\/wp-json\/wp\/v2\/pages\/1811"}],"collection":[{"href":"https:\/\/getthereoregon.org\/es\/wp-json\/wp\/v2\/pages"}],"about":[{"href":"https:\/\/getthereoregon.org\/es\/wp-json\/wp\/v2\/types\/page"}],"author":[{"embeddable":true,"href":"https:\/\/getthereoregon.org\/es\/wp-json\/wp\/v2\/users\/1"}],"replies":[{"embeddable":true,"href":"https:\/\/getthereoregon.org\/es\/wp-json\/wp\/v2\/comments?post=1811"}],"version-history":[{"count":2,"href":"https:\/\/getthereoregon.org\/es\/wp-json\/wp\/v2\/pages\/1811\/revisions"}],"predecessor-version":[{"id":1813,"href":"https:\/\/getthereoregon.org\/es\/wp-json\/wp\/v2\/pages\/1811\/revisions\/1813"}],"up":[{"embeddable":true,"href":"https:\/\/getthereoregon.org\/es\/wp-json\/wp\/v2\/pages\/202"}],"wp:attachment":[{"href":"https:\/\/getthereoregon.org\/es\/wp-json\/wp\/v2\/media?parent=1811"}],"curies":[{"name":"wp","href":"https:\/\/api.w.org\/{rel}","templated":true}]}}