{"id":167,"date":"2019-06-05T11:51:17","date_gmt":"2019-06-05T18:51:17","guid":{"rendered":"https:\/\/getthereoregon.org\/?page_id=167"},"modified":"2026-02-23T16:50:19","modified_gmt":"2026-02-24T00:50:19","slug":"descarga-la-aplicacion","status":"publish","type":"page","link":"https:\/\/getthereoregon.org\/es\/descarga-la-aplicacion\/","title":{"rendered":"Descarga la aplicaci\u00f3n"},"content":{"rendered":"\r\n<p><strong>Prueba la aplicaci\u00f3n Get There Connect de RideAmigos para registrar tus viajes de manera sencilla.<\/strong> Para comenzar, deber\u00e1s ingresar tu direcci\u00f3n de casa y trabajo. La aplicaci\u00f3n permite acceder a la mayor\u00eda de las funciones de la versi\u00f3n en l\u00ednea de Get There Connect y registrar tus viajes en tiempo real mientras te desplazas.<\/p>\r\n\r\n\r\n\r\n<p>La aplicaci\u00f3n es gratuita y est\u00e1 disponible en la <a href=\"https:\/\/apps.apple.com\/us\/app\/get-there-connect\/id6757503430\">App Store de Apple<\/a> y en <a href=\"https:\/\/play.google.com\/store\/apps\/details?id=com.rideamigos.astro&amp;hl=en_US\">Google Play Store<\/a>.<\/p>\r\n\r\n\r\n\r\n\r\n\r\n<p>Tambi\u00e9n puedes registrar autom\u00e1ticamente tus viajes mediante aplicaciones compatibles, como Strava. Visita la p\u00e1gina \u201cConnected Apps\u201d dentro de tu perfil de usuario en Get There Connect para integrar estas aplicaciones con tu cuenta.<\/p>\r\n\r\n\r\n\r\n\r\n\r\n<p><a href=\"https:\/\/www.strava.com\/\" target=\"_blank\" rel=\"noreferrer noopener\" aria-label=\" (opens in a new tab)\">Strava<\/a><br \/>Strava se usa principalmente para registrar viajes en bicicleta, a pie y corriendo. Llegar a Destino tambi\u00e9n es compatible con una amplia gama de otros servicios de registro de actividades que se sincronizan con Strava.<\/p>\r\n\r\n\r\n\r\n\r\n\r\n<p><a href=\"https:\/\/help.rideamigos.com\/hc\/en-us\/articles\/360022167233\" target=\"_blank\" rel=\"noopener noreferrer\">Haga clic aqu\u00ed para conocer en detalle c\u00f3mo usar las aplicaciones conectadas<\/a><\/p>\r\n","protected":false},"excerpt":{"rendered":"<p>Prueba la aplicaci\u00f3n Get There Connect de RideAmigos para registrar tus viajes de manera sencilla. Para comenzar, deber\u00e1s ingresar tu direcci\u00f3n de casa y trabajo. La aplicaci\u00f3n permite acceder a la mayor\u00eda de las funciones de la versi\u00f3n en l\u00ednea de Get There Connect y registrar tus viajes en tiempo real mientras te desplazas. La &hellip; <a href=\"https:\/\/getthereoregon.org\/es\/descarga-la-aplicacion\/\">Continued<\/a><\/p>\n","protected":false},"author":1,"featured_media":0,"parent":0,"menu_order":0,"comment_status":"closed","ping_status":"closed","template":"","meta":{"_acf_changed":false,"footnotes":""},"acf":[],"_links":{"self":[{"href":"https:\/\/getthereoregon.org\/es\/wp-json\/wp\/v2\/pages\/167"}],"collection":[{"href":"https:\/\/getthereoregon.org\/es\/wp-json\/wp\/v2\/pages"}],"about":[{"href":"https:\/\/getthereoregon.org\/es\/wp-json\/wp\/v2\/types\/page"}],"author":[{"embeddable":true,"href":"https:\/\/getthereoregon.org\/es\/wp-json\/wp\/v2\/users\/1"}],"replies":[{"embeddable":true,"href":"https:\/\/getthereoregon.org\/es\/wp-json\/wp\/v2\/comments?post=167"}],"version-history":[{"count":10,"href":"https:\/\/getthereoregon.org\/es\/wp-json\/wp\/v2\/pages\/167\/revisions"}],"predecessor-version":[{"id":7629,"href":"https:\/\/getthereoregon.org\/es\/wp-json\/wp\/v2\/pages\/167\/revisions\/7629"}],"wp:attachment":[{"href":"https:\/\/getthereoregon.org\/es\/wp-json\/wp\/v2\/media?parent=167"}],"curies":[{"name":"wp","href":"https:\/\/api.w.org\/{rel}","templated":true}]}}