{"id":1354,"date":"2020-06-23T11:16:10","date_gmt":"2020-06-23T18:16:10","guid":{"rendered":"http:\/\/getthereoregon.org\/covid-19-safety-tips\/"},"modified":"2023-02-02T14:06:03","modified_gmt":"2023-02-02T22:06:03","slug":"covid-19-consejos-de-seguridad","status":"publish","type":"page","link":"https:\/\/getthereoregon.org\/es\/covid-19-consejos-de-seguridad\/","title":{"rendered":"Consejos de seguridad contra el COVID-19"},"content":{"rendered":"<h2>Trabajamos juntos para prevenir la propagaci\u00f3n del COVID-19<\/h2>\n<p>&nbsp;<\/p>\n<p><img loading=\"lazy\" decoding=\"async\" class=\"wp-image-1325 alignright\" src=\"http:\/\/getthereoregon.org\/wp-content\/uploads\/2020\/06\/iStock-1166396611-1-1-300x200.jpg\" alt=\"\" width=\"345\" height=\"231\" srcset=\"https:\/\/getthereoregon.org\/wp-content\/uploads\/2020\/06\/iStock-1166396611-1-1-300x200.jpg 300w, https:\/\/getthereoregon.org\/wp-content\/uploads\/2020\/06\/iStock-1166396611-1-1-768x512.jpg 768w, https:\/\/getthereoregon.org\/wp-content\/uploads\/2020\/06\/iStock-1166396611-1-1-1024x683.jpg 1024w\" sizes=\"(max-width: 345px) 100vw, 345px\" \/><\/p>\n<p>El riesgo de infecci\u00f3n por COVID-19 se reduce a medida que cada vez m\u00e1s personas se vacunan. Sin embargo, le recomendamos que siga tomando precauciones y considere los siguientes consejos a medida que reanude sus actividades cotidianas.<\/p>\n<h3>Mejores pr\u00e1cticas generales<\/h3>\n<ul>\n<li style=\"font-weight: 400;\" aria-level=\"1\">L\u00e1vese las manos con frecuencia. Fr\u00f3tese las manos vigorosamente con agua y jab\u00f3n durante 20 segundos o use un desinfectante para manos si no hay agua y jab\u00f3n disponibles. Evite tocarse los ojos, la nariz y la boca con las manos sucias.<\/li>\n<li style=\"font-weight: 400;\" aria-level=\"1\">C\u00fabrase la boca al toser o estornudar.<\/li>\n<li style=\"font-weight: 400;\" aria-level=\"1\">Qu\u00e9dese en casa si se siente enfermo.<\/li>\n<\/ul>\n<h3>Consejos para compartir viajes en autom\u00f3vil y en van<\/h3>\n<ul>\n<li style=\"font-weight: 400;\" aria-level=\"1\">Use un cubrebocas cuando comparta un viaje con personas que no sean de su hogar.<\/li>\n<li style=\"font-weight: 400;\" aria-level=\"1\">Limite el n\u00famero de pasajeros en su veh\u00edculo tanto como sea posible.<\/li>\n<li style=\"font-weight: 400;\" aria-level=\"1\">Si es posible, los pasajeros que no sean del mismo hogar deber\u00e1n mantener su distancia y sentarse en el asiento trasero.<\/li>\n<li style=\"font-weight: 400;\" aria-level=\"1\">Recuerde lavarse las manos con frecuencia y usar desinfectante para manos.<\/li>\n<li style=\"font-weight: 400;\" aria-level=\"1\">Limpie con regularidad las superficies de contacto del veh\u00edculo, incluidas las manijas de las puertas (interior y exterior), el volante, los reposabrazos, los cinturones de seguridad y sus hebillas, los asientos y los botones de mando (incluidos el control de climatizaci\u00f3n, la radio, la guantera, etc.). Tambi\u00e9n debe limpiar las llaves y las tarjetas utilizadas para pagar la gasolina.<\/li>\n<\/ul>\n<h3>Consejos para peatones y ciclistas<\/h3>\n<ul>\n<li style=\"font-weight: 400;\" aria-level=\"1\">Siga usando un cubrebocas cuando otras personas est\u00e9n presentes.<\/li>\n<li style=\"font-weight: 400;\" aria-level=\"1\">Mantenga la distancia:\n<ul>\n<li style=\"font-weight: 400;\" aria-level=\"2\">Peatones: cuando otros peatones se acerquen por la acera, cruce la calle en la esquina o en un cruce peatonal si puede hacerlo de forma segura. En las calles de los vecindarios con poco tr\u00e1fico, puede caminar en la calle para pasar. Voltee a ver a ambos lados y camine en la calle solo cuando que sea seguro hacerlo. <\/li>\n<li style=\"font-weight: 400;\" aria-level=\"2\">Ciclistas: mire por encima del hombro para detectar el tr\u00e1fico que se aproxima por detr\u00e1s suya y rebase por la izquierda a las personas que caminan o andan en bicicleta. Para evitar sorprender a las personas, use su voz o una campana para advertir que va a pasar a su lado. Si la persona a la que est\u00e1 rebasando parece no escuchar su voz o el timbre, reduzca la velocidad y rebase con precauci\u00f3n. <\/li>\n<li style=\"font-weight: 400;\" aria-level=\"2\">Ceda el paso a ancianos, personas con discapacidades o personas con ni\u00f1os, perros o cargas.<\/li>\n<\/ul>\n<\/li>\n<\/ul>\n<h3>Consejos para usuarios del transporte p\u00fablico<\/h3>\n<p><i>Para obtener informaci\u00f3n actualizada, tambi\u00e9n consulte por tel\u00e9fono o el sitio web de su agencia de transporte p\u00fablico local.<\/i><\/p>\n<ul>\n<li style=\"font-weight: 400;\" aria-level=\"1\">Use un cubrebocas cuando aborde el transporte p\u00fablico.<\/li>\n<li style=\"font-weight: 400;\" aria-level=\"1\">Evite contacto cercano con otros pasajeros o el conductor del transporte p\u00fablico si es posible.<\/li>\n<li style=\"font-weight: 400;\" aria-level=\"1\">Evite tocar las superficies cuando sea posible.<\/li>\n<li style=\"font-weight: 400;\" aria-level=\"1\">Use desinfectante para manos.<\/li>\n<\/ul>\n","protected":false},"excerpt":{"rendered":"<p>Trabajamos juntos para prevenir la propagaci\u00f3n del COVID-19 &nbsp; El riesgo de infecci\u00f3n por COVID-19 se reduce a medida que cada vez m\u00e1s personas se vacunan. Sin embargo, le recomendamos que siga tomando precauciones y considere los siguientes consejos a medida que reanude sus actividades cotidianas. Mejores pr\u00e1cticas generales L\u00e1vese las manos con frecuencia. Fr\u00f3tese &hellip; <a href=\"https:\/\/getthereoregon.org\/es\/covid-19-consejos-de-seguridad\/\">Continued<\/a><\/p>\n","protected":false},"author":1,"featured_media":0,"parent":0,"menu_order":0,"comment_status":"closed","ping_status":"closed","template":"","meta":{"_acf_changed":false,"footnotes":""},"acf":[],"_links":{"self":[{"href":"https:\/\/getthereoregon.org\/es\/wp-json\/wp\/v2\/pages\/1354"}],"collection":[{"href":"https:\/\/getthereoregon.org\/es\/wp-json\/wp\/v2\/pages"}],"about":[{"href":"https:\/\/getthereoregon.org\/es\/wp-json\/wp\/v2\/types\/page"}],"author":[{"embeddable":true,"href":"https:\/\/getthereoregon.org\/es\/wp-json\/wp\/v2\/users\/1"}],"replies":[{"embeddable":true,"href":"https:\/\/getthereoregon.org\/es\/wp-json\/wp\/v2\/comments?post=1354"}],"version-history":[{"count":6,"href":"https:\/\/getthereoregon.org\/es\/wp-json\/wp\/v2\/pages\/1354\/revisions"}],"predecessor-version":[{"id":4557,"href":"https:\/\/getthereoregon.org\/es\/wp-json\/wp\/v2\/pages\/1354\/revisions\/4557"}],"wp:attachment":[{"href":"https:\/\/getthereoregon.org\/es\/wp-json\/wp\/v2\/media?parent=1354"}],"curies":[{"name":"wp","href":"https:\/\/api.w.org\/{rel}","templated":true}]}}